{"id":29,"date":"2024-01-26T15:13:00","date_gmt":"2024-01-26T15:13:00","guid":{"rendered":"https:\/\/rietine24.it\/?page_id=29"},"modified":"2026-03-02T14:23:56","modified_gmt":"2026-03-02T14:23:56","slug":"camere-vacanza-gaiole-in-chianti","status":"publish","type":"page","link":"https:\/\/rietine24.it\/en\/camere-vacanza-gaiole-in-chianti\/","title":{"rendered":"Camere Rietine24"},"content":{"rendered":"<div class=\"wpb-content-wrapper\"><div data-vc-full-width=\"true\" data-vc-full-width-temp=\"true\" data-vc-full-width-init=\"false\" data-vc-stretch-content=\"true\" class=\"vc_row wpb_row vc_row-fluid vc_row-no-padding wd-rs-6970f42899c92 wd-section-stretch-content-no-pd\"><div class=\"wpb_column vc_column_container vc_col-sm-12 wd-rs-6970f2efd6450\"><div class=\"vc_column-inner vc_custom_1769009917140\"><div class=\"wpb_wrapper\"><style>\t\t\t\t\t\t\t#slide-616 .wd-slide-container {\n\t\t\t\t\t\t\t\t\t\t\t\t\t\t\t--wd-justify-content: center;\n\t\t\t\t\t\t\t\t\t}\n\t\t\t\t\t\t\t\t#slide-616.woodmart-loaded .wd-slide-bg {\n\t\t\t\t\tbackground-image:url(https:\/\/rietine24.it\/wp-content\/uploads\/2026\/01\/bg_pag_rooms_30.jpg);\t\t\t\t}\n\n\t\t\t\t#slide-616 .wd-slide-bg {\n\t\t\t\tbackground-color:#000000;\t\t\t\tbackground-size:cover;\n\t\t\t\t\t\t\t\t\tbackground-position:center center;\t\t\t\t\n\t\t\t\t\t\t\t}\n\n\t\t\t\t#slide-616 .wd-slide-bg img {\n\t\t\t\t\t\n\t\t\t\t\t\t\t\t\t\t\t\t\t\t\t\t\t\t\t\t}\n\n\t\t\t\n\t\t\t\t\n\t\t\t\t@media (max-width: 1024px) {\n\t\t\t\t\n\t\t\t\t\n\t\t\t\t\n\t\t\t\t\n\t\t\t\t\n\t\t\t\t\t#slide-616 .wd-slide-bg {\n\t\t\t\t\t\t\t\t\t\t\t\t\t\t\t\t\n\t\t\t\t\t\t\t\t\t\t\t\t\t\t\t\t\t\t\t\t\t}\n\t\t\t\t}\n\n\t\t\t\t@media (max-width: 767px) {\n\t\t\t\t\n\t\t\t\t\n\t\t\t\t\n\t\t\t\t\n\t\t\t\t\n\t\t\t\t\t#slide-616 .wd-slide-bg {\n\t\t\t\t\t\t\t\t\t\t\t\t\t\t\t\t\t\t\n\t\t\t\t\t\t\t\t\t\t\t\t\t\t\t\t\t\t\t\t\t\t\t}\n\t\t\t\t}\n\n\t\t\t\t\t\t\t\t\t\t.vc_custom_1770802018603{padding-right: 20px !important;padding-bottom: 60px !important;padding-left: 20px !important;}\t\t\t\t\t\n\t\t\t\t\t\t\t\t\t\t@media (max-width: 767px) {html .wd-rs-698c4b535a67a > .vc_column-inner{padding-bottom:100px !important;}}\t\t\t\t\t\t\t\t<\/style>\n\t\t<div id=\"slider-25\" data-id=\"25\" class=\"wd-slider wd-carousel-container wd-anim- wd-section-stretch-content wd-container-full-width\">\n\t\t\t<div class=\"wd-carousel-inner\">\n\t\t\t\t<div class=\"wd-carousel wd-grid\" data-wrap=\"yes\" data-autoheight=\"yes\" data-scroll_per_page=\"yes\" data-sliding_speed=\"700\" style=\"--wd-col-lg:1;--wd-col-md:1;--wd-col-sm:1;\">\n\t\t\t\t\t<div class=\"wd-carousel-wrap\">\n\t\t\t\t\t\t\t\t\t\t\t\t\t\t\t\t\t\t\t\t<div id=\"slide-616\" class=\"wd-slide wd-carousel-item woodmart-loaded\" >\n\t\t\t\t\t\t\t\t\t\t\t\t\t\t\t\t<div class=\"container wd-slide-container content-full-width wd-padding-off\">\n\t\t\t\t\t\t\t\t\t<div class=\"wd-slide-inner\">\n\t\t\t\t\t\t\t\t\t\t\t\t\t\t\t\t\t\t\t\t\t<div class=\"wpb-content-wrapper\"><div data-vc-full-width=\"true\" data-vc-full-width-temp=\"true\" data-vc-full-width-init=\"false\" data-vc-stretch-content=\"true\" class=\"vc_row wpb_row vc_row-fluid vc_row-no-padding vc_row-o-full-height vc_row-o-columns-bottom vc_row-flex wd-rs-698c407a5106c wd-section-stretch\"><div class=\"wpb_column vc_column_container vc_col-sm-12 text-center wd-rs-698c4b535a67a\"><div class=\"vc_column-inner vc_custom_1770802018603\"><div class=\"wpb_wrapper\"><\/div><\/div><\/div><\/div><div class=\"vc_row-full-width vc_clearfix\"><\/div>\n<\/div>\t\t\t\t\t\t\t\t\t\t\t\t\t\t\t\t\t\t\t<\/div>\n\t\t\t\t\t\t\t\t<\/div>\n\n\t\t\t\t\t\t\t\t<div class=\"wd-slide-bg wd-fill\">\n\t\t\t\t\t\t\t\t\t\t\t\t\t\t\t\t\t<\/div>\n\n\t\t\t\t\t\t\t\t\t\t\t\t\t\t\t<\/div>\n\n\t\t\t\t\t\t\t\t\t\t\t\t\t\t\t\t\t\t\t\t\t\t\t\t\t\t\t\t\t\t\t\t\t<\/div>\n\t\t\t\t<\/div>\n\n\t\t\t\t\t\t\t\t\t\t\t\t\t\t<div class=\"wd-nav-arrows wd-slider-arrows wd-custom-style wd-style-1 wd-pos-sep\">\n\t\t\t\t\t\t<div class=\"wd-btn-arrow wd-prev\">\n\t\t\t\t\t\t\t<div class=\"wd-arrow-inner\"><\/div>\n\t\t\t\t\t\t<\/div>\n\t\t\t\t\t\t<div class=\"wd-btn-arrow wd-next\">\n\t\t\t\t\t\t\t<div class=\"wd-arrow-inner\"><\/div>\n\t\t\t\t\t\t<\/div>\n\t\t\t\t\t<\/div>\n\t\t\t\t\t\t\t<\/div>\n\n\t\t\t\t\t\t\t\t\t\t\t<div class=\"wd-nav-pagin-wrap wd-slider-pagin wd-custom-style wd-style-shape-1 text-center\">\n\t\t\t\t\t<ul class=\"wd-nav-pagin\"><\/ul>\n\t\t\t\t<\/div>\n\t\t\t\t\t<\/div>\n\t\t<\/div><\/div><\/div><\/div><div class=\"vc_row-full-width vc_clearfix\"><\/div><div data-vc-full-width=\"true\" data-vc-full-width-temp=\"true\" data-vc-full-width-init=\"false\" class=\"vc_row wpb_row vc_row-fluid vc_custom_1772036397426 wd-rs-699f21237572b\"><div class=\"wpb_column vc_column_container vc_col-sm-12 text-center wd-rs-65d3207ae0707\"><div class=\"vc_column-inner\"><div class=\"wpb_wrapper\">\n\t<div class=\"wpb_text_column wpb_content_element\" >\n\t\t<div class=\"wpb_wrapper\">\n\t\t\t<h2 style=\"text-align: center;\">Classics Room<\/h2>\n\n\t\t<\/div>\n\t<\/div>\n<div class=\"vc_row wpb_row vc_inner vc_row-fluid vc_custom_1770591554383 wd-rs-69891539831bc\"><div class=\"wpb_column vc_column_container vc_col-sm-12\"><div class=\"vc_column-inner\"><div class=\"wpb_wrapper\">\n<div class=\"vc_grid-container-wrapper vc_clearfix vc_grid-animation-fadeIn\">\n\t<div class=\"vc_grid-container vc_clearfix wpb_content_element vc_basic_grid\" data-initial-loading-animation=\"fadeIn\" data-vc-grid-settings=\"{&quot;page_id&quot;:29,&quot;style&quot;:&quot;all&quot;,&quot;action&quot;:&quot;vc_get_vc_grid_data&quot;,&quot;shortcode_id&quot;:&quot;1772461371146-0c2b756b-ebfe-0&quot;,&quot;tag&quot;:&quot;vc_basic_grid&quot;}\" data-vc-request=\"https:\/\/rietine24.it\/wp-admin\/admin-ajax.php\" data-vc-post-id=\"29\" data-vc-public-nonce=\"69ae5251c4\">\n\t\t<style data-type=\"vc_shortcodes-custom-css\">.vc_custom_1770590006429{margin-bottom: 25px !important;}<\/style><div class=\"vc_grid vc_row vc_grid-gutter-30px vc_pageable-wrapper vc_hook_hover\" data-vc-pageable-content=\"true\"><div class=\"vc_pageable-slide-wrapper vc_clearfix\" data-vc-grid-content=\"true\"><div class=\"vc_grid-item vc_clearfix vc_col-sm-12 vc_grid-item-zone-c-right\"><div class=\"vc_grid-item-mini vc_clearfix\"><div class=\"vc_gitem-animated-block  vc_gitem-animate vc_gitem-animate-scaleIn\"  data-vc-animation=\"scaleIn\"><div class=\"vc_gitem-zone vc_gitem-zone-a col-box vc-gitem-zone-height-mode-auto vc-gitem-zone-height-mode-auto-4-3 vc_gitem-is-link\" style=\"background-image: url('https:\/\/rietine24.it\/wp-content\/uploads\/2024\/02\/rietine24-isola-room_1.jpg') !important;\"><a href=\"https:\/\/rietine24.it\/en\/suite\/la-bohemienne\/\" title=\"&lt;em&gt;Isola&lt;\/em&gt; Room\" class=\"vc_gitem-link vc-zone-link\" ><\/a><img decoding=\"async\" class=\"vc_gitem-zone-img\" src=\"https:\/\/rietine24.it\/wp-content\/uploads\/2024\/02\/rietine24-isola-room_1.jpg\" alt=\"A room designed for those who live between fashion and art. Its elongated layout opens onto the Chianti Classico vineyards, immersing guests in a vibrant Tuscany made of color, imagination, and creative freedom. Perfect for a true boho soul.The house\u2019s most creative room: a corridor of light stretching toward the vineyards. Fashion, art, and imagination shape its visual identity. For free spirits.\" loading=\"lazy\"><div class=\"vc_gitem-zone-mini\"><\/div><\/div><\/div><div class=\"vc_gitem-zone vc_gitem-zone-c camere_name_bt\"><div class=\"vc_gitem-zone-mini\"><div class=\"vc_gitem_row vc_row vc_gitem-row-position-top\"><div class=\"vc_col-sm-12 vc_gitem-col vc_gitem-col-align-\"><div class=\"vc_custom_heading grid-title vc_gitem-post-data vc_gitem-post-data-source-post_title\" ><h3 style=\"text-align: left\" ><a href=\"https:\/\/rietine24.it\/en\/suite\/la-bohemienne\/\" class=\"vc_gitem-link\" title=\"&lt;em&gt;Isola&lt;\/em&gt; Room\">Room <em>Isola<\/em><\/a><\/h3><\/div><div class=\"vc_btn3-container grid-bt wpb_animate_when_almost_visible wpb_slideInRight slideInRight vc_btn3-left vc_custom_1770590006429\"><a class=\"vc_general vc_btn3 vc_btn3-size-lg vc_btn3-shape-square vc_btn3-style-modern vc_btn3-color-inverse\" a href=\"https:\/\/rietine24.it\/en\/suite\/la-bohemienne\/\" title=\"more info\">more info<\/a><\/div><\/div><\/div><\/div><\/div><\/div><div class=\"vc_clearfix\"><\/div><\/div><div class=\"vc_grid-item vc_clearfix vc_col-sm-12 vc_grid-item-zone-c-right\"><div class=\"vc_grid-item-mini vc_clearfix\"><div class=\"vc_gitem-animated-block  vc_gitem-animate vc_gitem-animate-scaleIn\"  data-vc-animation=\"scaleIn\"><div class=\"vc_gitem-zone vc_gitem-zone-a col-box vc-gitem-zone-height-mode-auto vc-gitem-zone-height-mode-auto-4-3 vc_gitem-is-link\" style=\"background-image: url('https:\/\/rietine24.it\/wp-content\/uploads\/2024\/02\/rietine24-sesto-room.jpg') !important;\"><a href=\"https:\/\/rietine24.it\/en\/suite\/sestos-room\/\" title=\"Camera <em>Sesto<\/em>\" class=\"vc_gitem-link vc-zone-link\" ><\/a><img decoding=\"async\" class=\"vc_gitem-zone-img\" src=\"https:\/\/rietine24.it\/wp-content\/uploads\/2024\/02\/rietine24-sesto-room.jpg\" alt=\"Ruby red tones, modern design, and hints of Chianti tradition shape this bold and eclectic room. Warm, enveloping, and full of personality\u2014ideal for those who love intense, conscious comfort.Chianti red as an aesthetic statement. A bold room where tradition meets modern design. For guests who love warmth with personality.\" loading=\"lazy\"><div class=\"vc_gitem-zone-mini\"><\/div><\/div><\/div><div class=\"vc_gitem-zone vc_gitem-zone-c camere_name_bt\"><div class=\"vc_gitem-zone-mini\"><div class=\"vc_gitem_row vc_row vc_gitem-row-position-top\"><div class=\"vc_col-sm-12 vc_gitem-col vc_gitem-col-align-\"><div class=\"vc_custom_heading grid-title vc_gitem-post-data vc_gitem-post-data-source-post_title\" ><h3 style=\"text-align: left\" ><a href=\"https:\/\/rietine24.it\/en\/suite\/sestos-room\/\" class=\"vc_gitem-link\" title=\"Camera <em>Sesto<\/em>\">Room <em>Sesto<\/em><\/a><\/h3><\/div><div class=\"vc_btn3-container grid-bt wpb_animate_when_almost_visible wpb_slideInRight slideInRight vc_btn3-left vc_custom_1770590006429\"><a class=\"vc_general vc_btn3 vc_btn3-size-lg vc_btn3-shape-square vc_btn3-style-modern vc_btn3-color-inverse\" a href=\"https:\/\/rietine24.it\/en\/suite\/sestos-room\/\" title=\"more info\">more info<\/a><\/div><\/div><\/div><\/div><\/div><\/div><div class=\"vc_clearfix\"><\/div><\/div><\/div><\/div>\n\t<\/div>\n<\/div><\/div><\/div><\/div><\/div><\/div><\/div><\/div><\/div><div class=\"vc_row-full-width vc_clearfix\"><\/div><div data-vc-full-width=\"true\" data-vc-full-width-temp=\"true\" data-vc-full-width-init=\"false\" class=\"vc_row wpb_row vc_row-fluid vc_custom_1772036409713 wd-rs-699f2129aaad9\"><div class=\"wpb_column vc_column_container vc_col-sm-12 text-center wd-rs-65d3207ae0707\"><div class=\"vc_column-inner\"><div class=\"wpb_wrapper\">\n\t<div class=\"wpb_text_column wpb_content_element\" >\n\t\t<div class=\"wpb_wrapper\">\n\t\t\t<h2 style=\"text-align: center;\">The Deluxe<\/h2>\n\n\t\t<\/div>\n\t<\/div>\n<div class=\"vc_row wpb_row vc_inner vc_row-fluid vc_custom_1772461438723 wd-rs-69a59d5a9a109\"><div class=\"wpb_column vc_column_container vc_col-sm-12\"><div class=\"vc_column-inner\"><div class=\"wpb_wrapper\">\n<div class=\"vc_grid-container-wrapper vc_clearfix vc_grid-animation-fadeIn\">\n\t<div class=\"vc_grid-container vc_clearfix wpb_content_element vc_basic_grid\" data-initial-loading-animation=\"fadeIn\" data-vc-grid-settings=\"{&quot;page_id&quot;:29,&quot;style&quot;:&quot;all&quot;,&quot;action&quot;:&quot;vc_get_vc_grid_data&quot;,&quot;shortcode_id&quot;:&quot;1772461371147-12be4062-67d0-4&quot;,&quot;tag&quot;:&quot;vc_basic_grid&quot;}\" data-vc-request=\"https:\/\/rietine24.it\/wp-admin\/admin-ajax.php\" data-vc-post-id=\"29\" data-vc-public-nonce=\"69ae5251c4\">\n\t\t<style data-type=\"vc_shortcodes-custom-css\">.vc_custom_1770590006429{margin-bottom: 25px !important;}<\/style><div class=\"vc_grid vc_row vc_grid-gutter-30px vc_pageable-wrapper vc_hook_hover\" data-vc-pageable-content=\"true\"><div class=\"vc_pageable-slide-wrapper vc_clearfix\" data-vc-grid-content=\"true\"><div class=\"vc_grid-item vc_clearfix vc_col-sm-12 vc_grid-item-zone-c-right\"><div class=\"vc_grid-item-mini vc_clearfix\"><div class=\"vc_gitem-animated-block  vc_gitem-animate vc_gitem-animate-scaleIn\"  data-vc-animation=\"scaleIn\"><div class=\"vc_gitem-zone vc_gitem-zone-a col-box vc-gitem-zone-height-mode-auto vc-gitem-zone-height-mode-auto-4-3 vc_gitem-is-link\" style=\"background-image: url('https:\/\/rietine24.it\/wp-content\/uploads\/2024\/02\/ada-copertina-rietine24.jpg') !important;\"><a href=\"https:\/\/rietine24.it\/en\/suite\/adas-room\/\" title=\"Camera <em>Ada<\/em>\" class=\"vc_gitem-link vc-zone-link\" ><\/a><img decoding=\"async\" class=\"vc_gitem-zone-img\" src=\"https:\/\/rietine24.it\/wp-content\/uploads\/2024\/02\/ada-copertina-rietine24.jpg\" alt=\"A warm elegance inspired by modern country charm. The brick vaulted ceiling, golden velvet, and tartan fabrics create a rustic yet refined embrace. Cozy and authentic, perfect for lovers of soft countryside style.Country style without clich\u00e9s. Exposed brick, velvet, and tartan create an elegant and welcoming atmosphere. Made for lovers of true warmth.\" loading=\"lazy\"><div class=\"vc_gitem-zone-mini\"><\/div><\/div><\/div><div class=\"vc_gitem-zone vc_gitem-zone-c camere_name_bt\"><div class=\"vc_gitem-zone-mini\"><div class=\"vc_gitem_row vc_row vc_gitem-row-position-top\"><div class=\"vc_col-sm-12 vc_gitem-col vc_gitem-col-align-\"><div class=\"vc_custom_heading grid-title vc_gitem-post-data vc_gitem-post-data-source-post_title\" ><h3 style=\"text-align: left\" ><a href=\"https:\/\/rietine24.it\/en\/suite\/adas-room\/\" class=\"vc_gitem-link\" title=\"Camera <em>Ada<\/em>\">Room <em>Ada<\/em><\/a><\/h3><\/div><div class=\"vc_btn3-container grid-bt wpb_animate_when_almost_visible wpb_slideInRight slideInRight vc_btn3-left vc_custom_1770590006429\"><a class=\"vc_general vc_btn3 vc_btn3-size-lg vc_btn3-shape-square vc_btn3-style-modern vc_btn3-color-inverse\" a href=\"https:\/\/rietine24.it\/en\/suite\/adas-room\/\" title=\"more info\">more info<\/a><\/div><\/div><\/div><\/div><\/div><\/div><div class=\"vc_clearfix\"><\/div><\/div><div class=\"vc_grid-item vc_clearfix vc_col-sm-12 vc_grid-item-zone-c-right\"><div class=\"vc_grid-item-mini vc_clearfix\"><div class=\"vc_gitem-animated-block  vc_gitem-animate vc_gitem-animate-scaleIn\"  data-vc-animation=\"scaleIn\"><div class=\"vc_gitem-zone vc_gitem-zone-a col-box vc-gitem-zone-height-mode-auto vc-gitem-zone-height-mode-auto-4-3 vc_gitem-is-link\" style=\"background-image: url('https:\/\/rietine24.it\/wp-content\/uploads\/2024\/02\/rietine24-salone-g4-2026.jpg') !important;\"><a href=\"https:\/\/rietine24.it\/en\/suite\/salone-room\/\" title=\"Camera <em>Salone<\/em>\" class=\"vc_gitem-link vc-zone-link\" ><\/a><img decoding=\"async\" class=\"vc_gitem-zone-img\" src=\"https:\/\/rietine24.it\/wp-content\/uploads\/2024\/02\/rietine24-salone-g4-2026.jpg\" alt=\"Modern but far from minimalist. The futon bed meets 1920s tulip motifs and a cinematic elegance reminiscent of Breakfast at Tiffany\u2019s. A journey through modernism and refined nostalgia.Modern style, vintage soul. The futon, \u201920s tulip motifs, and an old-Hollywood aura compose a room rich in charm and character.\" loading=\"lazy\"><div class=\"vc_gitem-zone-mini\"><\/div><\/div><\/div><div class=\"vc_gitem-zone vc_gitem-zone-c camere_name_bt\"><div class=\"vc_gitem-zone-mini\"><div class=\"vc_gitem_row vc_row vc_gitem-row-position-top\"><div class=\"vc_col-sm-12 vc_gitem-col vc_gitem-col-align-\"><div class=\"vc_custom_heading grid-title vc_gitem-post-data vc_gitem-post-data-source-post_title\" ><h3 style=\"text-align: left\" ><a href=\"https:\/\/rietine24.it\/en\/suite\/salone-room\/\" class=\"vc_gitem-link\" title=\"Camera <em>Salone<\/em>\">Room <em>Salone<\/em><\/a><\/h3><\/div><div class=\"vc_btn3-container grid-bt wpb_animate_when_almost_visible wpb_slideInRight slideInRight vc_btn3-left vc_custom_1770590006429\"><a class=\"vc_general vc_btn3 vc_btn3-size-lg vc_btn3-shape-square vc_btn3-style-modern vc_btn3-color-inverse\" a href=\"https:\/\/rietine24.it\/en\/suite\/salone-room\/\" title=\"more info\">more info<\/a><\/div><\/div><\/div><\/div><\/div><\/div><div class=\"vc_clearfix\"><\/div><\/div><div class=\"vc_grid-item vc_clearfix vc_col-sm-12 vc_grid-item-zone-c-right\"><div class=\"vc_grid-item-mini vc_clearfix\"><div class=\"vc_gitem-animated-block  vc_gitem-animate vc_gitem-animate-scaleIn\"  data-vc-animation=\"scaleIn\"><div class=\"vc_gitem-zone vc_gitem-zone-a col-box vc-gitem-zone-height-mode-auto vc-gitem-zone-height-mode-auto-4-3 vc_gitem-is-link\" style=\"background-image: url('https:\/\/rietine24.it\/wp-content\/uploads\/2024\/02\/rietine24-nunzia-2023_1.jpg') !important;\"><a href=\"https:\/\/rietine24.it\/en\/suite\/the-junior-suite-nunzia\/\" title=\"Camera <em>Nunzia<\/em>\" class=\"vc_gitem-link vc-zone-link\" ><\/a><img decoding=\"async\" class=\"vc_gitem-zone-img\" src=\"https:\/\/rietine24.it\/wp-content\/uploads\/2024\/02\/rietine24-nunzia-2023_1.jpg\" alt=\"Named after a woman who never went unnoticed, this room is a bold floral statement. The iron bed, early-century sofa, and contemporary design pieces form a dramatic and unforgettable atmosphere.A room that refuses to go unnoticed: bold florals, historic pieces, and contemporary accents. A theatrical space dedicated to an unforgettable woman.\" loading=\"lazy\"><div class=\"vc_gitem-zone-mini\"><\/div><\/div><\/div><div class=\"vc_gitem-zone vc_gitem-zone-c camere_name_bt\"><div class=\"vc_gitem-zone-mini\"><div class=\"vc_gitem_row vc_row vc_gitem-row-position-top\"><div class=\"vc_col-sm-12 vc_gitem-col vc_gitem-col-align-\"><div class=\"vc_custom_heading grid-title vc_gitem-post-data vc_gitem-post-data-source-post_title\" ><h3 style=\"text-align: left\" ><a href=\"https:\/\/rietine24.it\/en\/suite\/the-junior-suite-nunzia\/\" class=\"vc_gitem-link\" title=\"Camera <em>Nunzia<\/em>\">Room <em>Nunzia<\/em><\/a><\/h3><\/div><div class=\"vc_btn3-container grid-bt wpb_animate_when_almost_visible wpb_slideInRight slideInRight vc_btn3-left vc_custom_1770590006429\"><a class=\"vc_general vc_btn3 vc_btn3-size-lg vc_btn3-shape-square vc_btn3-style-modern vc_btn3-color-inverse\" a href=\"https:\/\/rietine24.it\/en\/suite\/the-junior-suite-nunzia\/\" title=\"more info\">more info<\/a><\/div><\/div><\/div><\/div><\/div><\/div><div class=\"vc_clearfix\"><\/div><\/div><\/div><\/div>\n\t<\/div>\n<\/div><\/div><\/div><\/div><\/div><\/div><\/div><\/div><\/div><div class=\"vc_row-full-width vc_clearfix\"><\/div><div data-vc-full-width=\"true\" data-vc-full-width-temp=\"true\" data-vc-full-width-init=\"false\" class=\"vc_row wpb_row vc_row-fluid vc_custom_1772036415893 wd-rs-699f2136bcb8d\"><div class=\"wpb_column vc_column_container vc_col-sm-12\"><div class=\"vc_column-inner\"><div class=\"wpb_wrapper\"><style data-type=\"vc_shortcodes-custom-css\">.vc_custom_1770993324488{padding-top: 40px !important;padding-bottom: 50px !important;}.vc_custom_1688720441582{margin-top: 20px !important;}.vc_custom_1688720451614{margin-top: 20px !important;}.vc_custom_1688720461684{margin-top: 20px !important;}.vc_custom_1688720469638{margin-top: 20px !important;}.vc_custom_1688720478622{margin-top: 20px !important;}.vc_custom_1770804957437{margin-bottom: 0px !important;padding-bottom: 0px !important;}.vc_custom_1708417324527{margin-top: 0px !important;padding-top: 0px !important;}.vc_custom_1770804945094{margin-bottom: 0px !important;padding-bottom: 0px !important;}.vc_custom_1707486309681{margin-top: 0px !important;padding-top: 0px !important;}.vc_custom_1770804998326{margin-bottom: 0px !important;padding-bottom: 0px !important;}.vc_custom_1707486317617{margin-top: 0px !important;padding-top: 0px !important;}.vc_custom_1770805034415{margin-bottom: 0px !important;padding-bottom: 0px !important;}.vc_custom_1707486325562{margin-top: 0px !important;padding-top: 0px !important;}.vc_custom_1770805056117{margin-bottom: 0px !important;padding-bottom: 0px !important;}.vc_custom_1707486332954{margin-top: 0px !important;padding-top: 0px !important;}@media (max-width: 767px) {html .wd-rs-64a7d42f04ef1 > .vc_column-inner{margin-top:0px !important;}html .wd-rs-64a7d43889405 > .vc_column-inner{margin-top:0px !important;}html .wd-rs-64a7d44293433 > .vc_column-inner{margin-top:0px !important;}html .wd-rs-64a7d44cb7929 > .vc_column-inner{margin-top:0px !important;}html .wd-rs-64a7d454b4213 > .vc_column-inner{margin-top:0px !important;}}<\/style><div class=\"wpb-content-wrapper\"><div class=\"vc_row wpb_row vc_row-fluid vc_custom_1770993324488 vc_column-gap-5 wd-rs-698f3693b9066 wd-section-stretch-content-no-pd\"><div class=\"wpb_column vc_column_container vc_col-sm-1\/5 vc_col-xs-6 wd-rs-64a7d42f04ef1\"><div class=\"vc_column-inner vc_custom_1688720441582\"><div class=\"wpb_wrapper\"><div class=\"vc_icon_element vc_icon_element-outer vc_custom_1770804957437 vc_do_icon vc_icon_element-align-center\"><div class=\"vc_icon_element-inner vc_icon_element-color-custom vc_icon_element-size-md vc_icon_element-style- vc_icon_element-background-color-grey\" ><span class=\"vc_icon_element-icon fa fa-solid fa-map\" style=\"color:#7C878A !important\"><\/span><a class=\"vc_icon_element-link\" href=\"https:\/\/goo.gl\/maps\/EwtjLBBE8eMK7UFK6\"  title=\"\" target=\"_blank\"><\/a><\/div><\/div>\n\t<div class=\"wpb_text_column wpb_content_element vc_custom_1708417324527 info-txt\" >\n\t\t<div class=\"wpb_wrapper\">\n\t\t\t<h4 style=\"text-align: center;\">Address<\/h4>\n<p style=\"text-align: center;\">Localit\u00e0 Rietine, 24<br \/>\n53013 Gaiole in Chianti (SI)<\/p>\n\n\t\t<\/div>\n\t<\/div>\n<\/div><\/div><\/div><div class=\"wpb_column vc_column_container vc_col-sm-1\/5 vc_col-xs-6 wd-rs-64a7d43889405\"><div class=\"vc_column-inner vc_custom_1688720451614\"><div class=\"wpb_wrapper\"><div class=\"vc_icon_element vc_icon_element-outer vc_custom_1770804945094 vc_do_icon vc_icon_element-align-center\"><div class=\"vc_icon_element-inner vc_icon_element-color-custom vc_icon_element-size-md vc_icon_element-style- vc_icon_element-background-color-grey\" ><span class=\"vc_icon_element-icon fa fa-solid fa-phone\" style=\"color:#7C878A !important\"><\/span><\/div><\/div>\n\t<div class=\"wpb_text_column wpb_content_element vc_custom_1707486309681 info-txt\" >\n\t\t<div class=\"wpb_wrapper\">\n\t\t\t<h4 style=\"text-align: center;\">Phone<\/h4>\n<p style=\"text-align: center;\"><a href=\"tel:00393356867894\">(+39) 335 6867894<\/a><br \/>\n<a href=\"tel:00393337880901\">(+39) 333 7880901<\/a><\/p>\n\n\t\t<\/div>\n\t<\/div>\n<\/div><\/div><\/div><div class=\"wpb_column vc_column_container vc_col-sm-1\/5 vc_col-xs-6 wd-rs-64a7d44293433\"><div class=\"vc_column-inner vc_custom_1688720461684\"><div class=\"wpb_wrapper\"><div class=\"vc_icon_element vc_icon_element-outer vc_custom_1770804998326 vc_do_icon vc_icon_element-align-center\"><div class=\"vc_icon_element-inner vc_icon_element-color-custom vc_icon_element-size-md vc_icon_element-style- vc_icon_element-background-color-grey\" ><span class=\"vc_icon_element-icon vc-oi vc-oi-mail\" style=\"color:#7C878A !important\"><\/span><a class=\"vc_icon_element-link\" href=\"mailto:info@rietine24.it\"  title=\"\" target=\"_self\"><\/a><\/div><\/div>\n\t<div class=\"wpb_text_column wpb_content_element vc_custom_1707486317617 info-txt\" >\n\t\t<div class=\"wpb_wrapper\">\n\t\t\t<h4 style=\"text-align: center;\">E-mail<\/h4>\n<p style=\"text-align: center;\">info@rietine24.it<\/p>\n\n\t\t<\/div>\n\t<\/div>\n<\/div><\/div><\/div><div class=\"wpb_column vc_column_container vc_col-sm-1\/5 vc_col-xs-6 wd-rs-64a7d44cb7929\"><div class=\"vc_column-inner vc_custom_1688720469638\"><div class=\"wpb_wrapper\"><div class=\"vc_icon_element vc_icon_element-outer vc_custom_1770805034415 vc_do_icon vc_icon_element-align-center\"><div class=\"vc_icon_element-inner vc_icon_element-color-custom vc_icon_element-size-md vc_icon_element-style- vc_icon_element-background-color-grey\" ><span class=\"vc_icon_element-icon vc-mono vc-mono-facebook\" style=\"color:#7C878A !important\"><\/span><a class=\"vc_icon_element-link\" href=\"https:\/\/www.facebook.com\/people\/Rietine24-Tuscany-Country-House-in-Chiantishire\/100048446803142\/\"  title=\"\" target=\"_blank\"><\/a><\/div><\/div>\n\t<div class=\"wpb_text_column wpb_content_element vc_custom_1707486325562 info-txt\" >\n\t\t<div class=\"wpb_wrapper\">\n\t\t\t<h4 style=\"text-align: center;\">Facebook<\/h4>\n<p style=\"text-align: center;\">Rietine<strong>24<\/strong><\/p>\n\n\t\t<\/div>\n\t<\/div>\n<\/div><\/div><\/div><div class=\"wpb_column vc_column_container vc_col-sm-1\/5 vc_col-xs-12 wd-rs-64a7d454b4213\"><div class=\"vc_column-inner vc_custom_1688720478622\"><div class=\"wpb_wrapper\"><div class=\"vc_icon_element vc_icon_element-outer vc_custom_1770805056117 vc_do_icon vc_icon_element-align-center\"><div class=\"vc_icon_element-inner vc_icon_element-color-custom vc_icon_element-size-md vc_icon_element-style- vc_icon_element-background-color-grey\" ><span class=\"vc_icon_element-icon vc-mono vc-mono-instagram\" style=\"color:#7C878A !important\"><\/span><a class=\"vc_icon_element-link\" href=\"https:\/\/www.instagram.com\/rietine24_\/\"  title=\"\" target=\"_blank\"><\/a><\/div><\/div>\n\t<div class=\"wpb_text_column wpb_content_element vc_custom_1707486332954 info-txt\" >\n\t\t<div class=\"wpb_wrapper\">\n\t\t\t<h4 style=\"text-align: center;\">Instagram<\/h4>\n<p style=\"text-align: center;\">Rietine<strong>24<\/strong><\/p>\n\n\t\t<\/div>\n\t<\/div>\n<\/div><\/div><\/div><\/div>\r\n<\/div><\/div><\/div><\/div><\/div><div class=\"vc_row-full-width vc_clearfix\"><\/div>\n<\/div>","protected":false},"excerpt":{"rendered":"Le Classiche Camera Isolascopri di pi\u00f9Camera Sestoscopri di pi\u00f9 Le Deluxe Camera Adascopri di pi\u00f9Camera Salonescopri di pi\u00f9Camera Nunziascopri di","protected":false},"author":1,"featured_media":0,"parent":0,"menu_order":0,"comment_status":"closed","ping_status":"closed","template":"","meta":{"_acf_changed":false,"footnotes":""},"class_list":["post-29","page","type-page","status-publish","hentry"],"acf":[],"_links":{"self":[{"href":"https:\/\/rietine24.it\/en\/wp-json\/wp\/v2\/pages\/29","targetHints":{"allow":["GET"]}}],"collection":[{"href":"https:\/\/rietine24.it\/en\/wp-json\/wp\/v2\/pages"}],"about":[{"href":"https:\/\/rietine24.it\/en\/wp-json\/wp\/v2\/types\/page"}],"author":[{"embeddable":true,"href":"https:\/\/rietine24.it\/en\/wp-json\/wp\/v2\/users\/1"}],"replies":[{"embeddable":true,"href":"https:\/\/rietine24.it\/en\/wp-json\/wp\/v2\/comments?post=29"}],"version-history":[{"count":44,"href":"https:\/\/rietine24.it\/en\/wp-json\/wp\/v2\/pages\/29\/revisions"}],"predecessor-version":[{"id":938,"href":"https:\/\/rietine24.it\/en\/wp-json\/wp\/v2\/pages\/29\/revisions\/938"}],"wp:attachment":[{"href":"https:\/\/rietine24.it\/en\/wp-json\/wp\/v2\/media?parent=29"}],"curies":[{"name":"wp","href":"https:\/\/api.w.org\/{rel}","templated":true}]}}